{"id":95,"date":"2026-04-23T16:49:43","date_gmt":"2026-04-23T16:49:43","guid":{"rendered":"https:\/\/gaseosaspool.com\/?page_id=95"},"modified":"2026-04-23T17:01:57","modified_gmt":"2026-04-23T17:01:57","slug":"pagina-de-mantenimiento","status":"publish","type":"page","link":"https:\/\/gaseosaspool.com\/","title":{"rendered":"P\u00e1gina de mantenimiento"},"content":{"rendered":"\t\t<div data-elementor-type=\"wp-page\" data-elementor-id=\"95\" class=\"elementor elementor-95\">\n\t\t\t\t<div class=\"elementor-element elementor-element-419bce7b e-flex e-con-boxed e-con e-parent\" data-id=\"419bce7b\" data-element_type=\"container\" data-e-type=\"container\">\n\t\t\t\t\t<div class=\"e-con-inner\">\n\t\t\t\t\t\t\t\t\t<div data-id=\"43d558f\" data-interaction-id=\"43d558f\" data-e-type=\"e-youtube\"  class=\"e-youtube-base\"  data-settings=\"&#x7B;&quot;source&quot;&#x3A;&quot;https&#x3A;&#x5C;&#x2F;&#x5C;&#x2F;www.youtube.com&#x5C;&#x2F;watch&#x3F;v&#x3D;ganPvzshhic&quot;,&quot;autoplay&quot;&#x3A;false,&quot;mute&quot;&#x3A;false,&quot;controls&quot;&#x3A;true,&quot;cc_load_policy&quot;&#x3A;false,&quot;loop&quot;&#x3A;false,&quot;rel&quot;&#x3A;true,&quot;start&quot;&#x3A;null,&quot;end&quot;&#x3A;null,&quot;privacy&quot;&#x3A;false,&quot;lazyload&quot;&#x3A;false&#x7D;\"><\/div>\n\t\t\t\t<div class=\"elementor-element elementor-element-479d4843 elementor-widget elementor-widget-text-editor\" data-id=\"479d4843\" data-element_type=\"widget\" data-e-type=\"widget\" data-widget_type=\"text-editor.default\">\n\t\t\t\t\t\t\t\t\t\n<div id=\"wp-block-themeisle-blocks-advanced-columns-0d617423\" class=\"wp-block-themeisle-blocks-advanced-columns alignfull has-1-columns has-desktop-equal-layout has-tablet-equal-layout has-mobile-equal-layout has-vertical-center\">\n<div class=\"wp-block-themeisle-blocks-advanced-columns-overlay\">\n<p data-start=\"98\" data-end=\"151\"><strong data-start=\"98\" data-end=\"151\">\ud83d\udea7 Aqu\u00ed est\u00e1 pasando algo\u2026 y no es cualquier cosa \ud83d\udea7<\/strong><\/p>\n<p data-start=\"153\" data-end=\"274\">S\u00ed, lo sabemos\u2026 entraste por sed y te encuentras con esto.<br data-start=\"211\" data-end=\"214\" \/>Pero tranquilo, no es un error\u2026 <strong data-start=\"246\" data-end=\"273\">es evoluci\u00f3n en proceso<\/strong>.<\/p>\n<p data-start=\"276\" data-end=\"412\">En <strong data-start=\"279\" data-end=\"295\">Bebidas Pool<\/strong> estamos rompiendo, mezclando y rearmando todo para traerte una web m\u00e1s brutal, m\u00e1s r\u00e1pida y con m\u00e1s sabor que nunca.<\/p>\n<p data-start=\"414\" data-end=\"492\">\ud83d\udca5 Estamos cocinando algo grande.<br data-start=\"447\" data-end=\"450\" \/>\ud83d\udca5 Algo que se siente.<br data-start=\"472\" data-end=\"475\" \/>\ud83d\udca5 Algo muy Pool.<\/p>\n<p data-start=\"494\" data-end=\"580\">Mientras tanto\u2026 respira, destapa una y rel\u00e1jate.<br data-start=\"542\" data-end=\"545\" \/>Esto va a valer totalmente la pena.<\/p>\n<p data-start=\"582\" data-end=\"628\">Volvemos m\u00e1s duros. M\u00e1s frescos. M\u00e1s Pool.<\/p>\n<p data-start=\"582\" data-end=\"628\"><a href=\"https:\/\/gaseosaspool.com\/wp-content\/uploads\/2026\/04\/1.POLITICA-DE-PROTECCION-Y-TRATAMIENTO-DE-DATOS-PERSONALES.pdf\" target=\"_blank\" rel=\"noopener\"><strong>POL\u00cdTICAS DE PRIVACIDAD<\/strong><\/a><\/p>\n<\/div>\n<div class=\"innerblocks-wrap\">\n<div id=\"wp-block-themeisle-blocks-advanced-column-09847c7b\" class=\"wp-block-themeisle-blocks-advanced-column\"><\/div>\n<\/div>\n<\/div>\n<div id=\"wp-block-themeisle-blocks-advanced-columns-5d630746\" class=\"wp-block-themeisle-blocks-advanced-columns alignfull has-1-columns has-desktop-equal-layout has-tablet-equal-layout has-mobile-equal-layout has-vertical-center\">\n<div class=\"innerblocks-wrap\">\n<div id=\"wp-block-themeisle-blocks-advanced-column-e9363a5a\" class=\"wp-block-themeisle-blocks-advanced-column\">\n<div id=\"wp-block-themeisle-blocks-advanced-columns-cd4b7a17\" class=\"wp-block-themeisle-blocks-advanced-columns has-2-columns has-desktop-oneTwo-layout has-tablet-collapsedRows-layout has-mobile-collapsedRows-layout has-vertical-unset\">\n<div class=\"innerblocks-wrap\">\n<div id=\"wp-block-themeisle-blocks-advanced-column-31d8f751\" class=\"wp-block-themeisle-blocks-advanced-column\">\n<div id=\"wp-block-themeisle-blocks-form-f9b364b5\" class=\"wp-block-themeisle-blocks-form\" data-option-name=\"171_f9b364b5\"><form class=\"otter-form__container\">\n<div class=\"wp-block-button\">\u00a0<\/div>\n<\/form><\/div>\n<\/div>\n<\/div>\n<\/div>\n<\/div>\n<!-- \/wp:themeisle-blocks\/advanced-column --><\/div>\n<\/div>\n<!-- \/wp:themeisle-blocks\/advanced-columns -->\t\t\t\t\t\t\t\t<\/div>\n\t\t\t\t\t<\/div>\n\t\t\t\t<\/div>\n\t\t\t\t<\/div>\n\t\t","protected":false},"excerpt":{"rendered":"","protected":false},"author":3,"featured_media":0,"parent":0,"menu_order":0,"comment_status":"closed","ping_status":"closed","template":"templates\/wpmm-page-template.php","meta":{"footnotes":""},"class_list":["post-95","page","type-page","status-publish","hentry"],"_links":{"self":[{"href":"https:\/\/gaseosaspool.com\/index.php?rest_route=\/wp\/v2\/pages\/95","targetHints":{"allow":["GET"]}}],"collection":[{"href":"https:\/\/gaseosaspool.com\/index.php?rest_route=\/wp\/v2\/pages"}],"about":[{"href":"https:\/\/gaseosaspool.com\/index.php?rest_route=\/wp\/v2\/types\/page"}],"author":[{"embeddable":true,"href":"https:\/\/gaseosaspool.com\/index.php?rest_route=\/wp\/v2\/users\/3"}],"replies":[{"embeddable":true,"href":"https:\/\/gaseosaspool.com\/index.php?rest_route=%2Fwp%2Fv2%2Fcomments&post=95"}],"version-history":[{"count":16,"href":"https:\/\/gaseosaspool.com\/index.php?rest_route=\/wp\/v2\/pages\/95\/revisions"}],"predecessor-version":[{"id":111,"href":"https:\/\/gaseosaspool.com\/index.php?rest_route=\/wp\/v2\/pages\/95\/revisions\/111"}],"wp:attachment":[{"href":"https:\/\/gaseosaspool.com\/index.php?rest_route=%2Fwp%2Fv2%2Fmedia&parent=95"}],"curies":[{"name":"wp","href":"https:\/\/api.w.org\/{rel}","templated":true}]}}